{"id":1877,"date":"2024-08-27T21:26:09","date_gmt":"2024-08-27T21:26:09","guid":{"rendered":"https:\/\/vivido-ia.com\/BGC\/?page_id=1877"},"modified":"2024-08-28T16:25:15","modified_gmt":"2024-08-28T16:25:15","slug":"terminos-y-condiciones-de-uso","status":"publish","type":"page","link":"https:\/\/businessgroupcorp.com.co\/en\/terminos-y-condiciones-de-uso\/","title":{"rendered":"T\u00e9rminos y condiciones de uso"},"content":{"rendered":"<div data-elementor-type=\"wp-page\" data-elementor-id=\"1877\" class=\"elementor elementor-1877\">\n\t\t\t\t<div class=\"elementor-element elementor-element-6b3b652 e-con-full e-flex e-con e-parent\" data-id=\"6b3b652\" data-element_type=\"container\" data-e-type=\"container\">\n\t\t\t\t<div class=\"elementor-element elementor-element-864a330 elementor-widget elementor-widget-heading\" data-id=\"864a330\" data-element_type=\"widget\" data-e-type=\"widget\" data-widget_type=\"heading.default\">\n\t\t\t\t<div class=\"elementor-widget-container\">\n\t\t\t\t\t<h2 class=\"elementor-heading-title elementor-size-default\">T\u00e9rminos y condiciones de uso<\/h2>\t\t\t\t<\/div>\n\t\t\t\t<\/div>\n\t\t\t\t<div class=\"elementor-element elementor-element-9a940b4 elementor-widget elementor-widget-heading\" data-id=\"9a940b4\" data-element_type=\"widget\" data-e-type=\"widget\" data-widget_type=\"heading.default\">\n\t\t\t\t<div class=\"elementor-widget-container\">\n\t\t\t\t\t<h2 class=\"elementor-heading-title elementor-size-default\">Bienvenido a la p\u00e1gina web de BUSINESS GROUP CORP SAS, una p\u00e1gina web que muestra una oferta de Productos e informaci\u00f3n sobre las l\u00edneas de negocio de la empresa. Al acceder, consultar o usar nuestra plataforma web (en adelante, el \"SITIO\"), aceptas los siguientes T\u00e9rminos y Condiciones de Uso. Por favor, lee detenidamente esta informaci\u00f3n antes de realizar cualquier acci\u00f3n en el SITIO.<\/h2>\t\t\t\t<\/div>\n\t\t\t\t<\/div>\n\t\t\t\t<div class=\"elementor-element elementor-element-8cf532a elementor-widget elementor-widget-heading\" data-id=\"8cf532a\" data-element_type=\"widget\" data-e-type=\"widget\" data-widget_type=\"heading.default\">\n\t\t\t\t<div class=\"elementor-widget-container\">\n\t\t\t\t\t<h2 class=\"elementor-heading-title elementor-size-default\">1. Informaci\u00f3n General<\/h2>\t\t\t\t<\/div>\n\t\t\t\t<\/div>\n\t\t\t\t<div class=\"elementor-element elementor-element-d9a9c8c elementor-widget elementor-widget-heading\" data-id=\"d9a9c8c\" data-element_type=\"widget\" data-e-type=\"widget\" data-widget_type=\"heading.default\">\n\t\t\t\t<div class=\"elementor-widget-container\">\n\t\t\t\t\t<h2 class=\"elementor-heading-title elementor-size-default\">Este SITIO es operado por BUSINESS GROUP CORP SAS con identificaci\u00f3n 901386878-4. Este SITIO ofrece un conjunto de informaci\u00f3n para que los clientes de las l\u00edneas de negocio de la empresa puedan consultar la propuesta de valor de Productos que se tiene para ofertar. <\/h2>\t\t\t\t<\/div>\n\t\t\t\t<\/div>\n\t\t\t\t<div class=\"elementor-element elementor-element-4ec1b85 elementor-widget elementor-widget-heading\" data-id=\"4ec1b85\" data-element_type=\"widget\" data-e-type=\"widget\" data-widget_type=\"heading.default\">\n\t\t\t\t<div class=\"elementor-widget-container\">\n\t\t\t\t\t<h2 class=\"elementor-heading-title elementor-size-default\">2. Acerca de los Productos Ofrecidos<\/h2>\t\t\t\t<\/div>\n\t\t\t\t<\/div>\n\t\t\t\t<div class=\"elementor-element elementor-element-cfeccce elementor-widget elementor-widget-heading\" data-id=\"cfeccce\" data-element_type=\"widget\" data-e-type=\"widget\" data-widget_type=\"heading.default\">\n\t\t\t\t<div class=\"elementor-widget-container\">\n\t\t\t\t\t<h2 class=\"elementor-heading-title elementor-size-default\">Es potestativo de BUSINESS GROUP CORP SAS elegir la informaci\u00f3n, funcionalidades o caracter\u00edsticas ofrecidas en el SITIO. Asimismo est\u00e1 en la libertad de incluir o retirar funciones, servicios o productos sin previo aviso ni autorizaci\u00f3n. <\/h2>\t\t\t\t<\/div>\n\t\t\t\t<\/div>\n\t\t\t\t<div class=\"elementor-element elementor-element-777bd86 elementor-widget elementor-widget-heading\" data-id=\"777bd86\" data-element_type=\"widget\" data-e-type=\"widget\" data-widget_type=\"heading.default\">\n\t\t\t\t<div class=\"elementor-widget-container\">\n\t\t\t\t\t<h2 class=\"elementor-heading-title elementor-size-default\">3. Propiedad Intelectual<\/h2>\t\t\t\t<\/div>\n\t\t\t\t<\/div>\n\t\t\t\t<div class=\"elementor-element elementor-element-336b088 elementor-widget elementor-widget-heading\" data-id=\"336b088\" data-element_type=\"widget\" data-e-type=\"widget\" data-widget_type=\"heading.default\">\n\t\t\t\t<div class=\"elementor-widget-container\">\n\t\t\t\t\t<h2 class=\"elementor-heading-title elementor-size-default\">Todos los contenidos del SITIO, incluyendo im\u00e1genes, textos y dise\u00f1o, est\u00e1n protegidos por derechos de autor. No est\u00e1 permitido utilizar, reproducir o distribuir estos contenidos sin autorizaci\u00f3n expresa y escrita de BUSINESS GROUP CORP SAS. El usuario reconoce y acepta que el uso del servicio no implica la cesi\u00f3n de ning\u00fan derecho de propiedad intelectual sobre el mismo.<\/h2>\t\t\t\t<\/div>\n\t\t\t\t<\/div>\n\t\t\t\t<div class=\"elementor-element elementor-element-0a21d92 elementor-widget elementor-widget-heading\" data-id=\"0a21d92\" data-element_type=\"widget\" data-e-type=\"widget\" data-widget_type=\"heading.default\">\n\t\t\t\t<div class=\"elementor-widget-container\">\n\t\t\t\t\t<h2 class=\"elementor-heading-title elementor-size-default\">4. Privacidad<\/h2>\t\t\t\t<\/div>\n\t\t\t\t<\/div>\n\t\t\t\t<div class=\"elementor-element elementor-element-f5bca91 elementor-widget elementor-widget-heading\" data-id=\"f5bca91\" data-element_type=\"widget\" data-e-type=\"widget\" data-widget_type=\"heading.default\">\n\t\t\t\t<div class=\"elementor-widget-container\">\n\t\t\t\t\t<h2 class=\"elementor-heading-title elementor-size-default\">Manejamos todos los datos de los usuarios de acuerdo a la normativa vigente colombiana. A trav\u00e9s del Pie de P\u00e1gina en el enlace \u201cPol\u00edtica de Privacidad\u201d, \u201cPol\u00edtica de Privacidad y Manejo de Datos Personales\u201d, \u201cPol\u00edtica de Datos Personales\u201d, o similares, puede acceder y consultar la \u201cPol\u00edtica de privacidad y manejo de datos personales\u201d para obtener informaci\u00f3n sobre c\u00f3mo se manejan los datos personales en el SITIO.<\/h2>\t\t\t\t<\/div>\n\t\t\t\t<\/div>\n\t\t\t\t<div class=\"elementor-element elementor-element-2f21819 elementor-widget elementor-widget-heading\" data-id=\"2f21819\" data-element_type=\"widget\" data-e-type=\"widget\" data-widget_type=\"heading.default\">\n\t\t\t\t<div class=\"elementor-widget-container\">\n\t\t\t\t\t<h2 class=\"elementor-heading-title elementor-size-default\">5. Limitaci\u00f3n de responsabilidad<\/h2>\t\t\t\t<\/div>\n\t\t\t\t<\/div>\n\t\t\t\t<div class=\"elementor-element elementor-element-6530ac2 elementor-widget elementor-widget-heading\" data-id=\"6530ac2\" data-element_type=\"widget\" data-e-type=\"widget\" data-widget_type=\"heading.default\">\n\t\t\t\t<div class=\"elementor-widget-container\">\n\t\t\t\t\t<h2 class=\"elementor-heading-title elementor-size-default\">BUSINESS GROUP CORP SAS no ser\u00e1 responsable por cualquier da\u00f1o, p\u00e9rdida o perjuicio que pueda sufrir el usuario como resultado del uso o interpretaci\u00f3n de la informaci\u00f3n aqu\u00ed contenida, del  uso del servicio o, en general, del acceso a alguna de las  funcionalidades prove\u00eddas.<\/h2>\t\t\t\t<\/div>\n\t\t\t\t<\/div>\n\t\t\t\t<div class=\"elementor-element elementor-element-1484196 elementor-widget elementor-widget-heading\" data-id=\"1484196\" data-element_type=\"widget\" data-e-type=\"widget\" data-widget_type=\"heading.default\">\n\t\t\t\t<div class=\"elementor-widget-container\">\n\t\t\t\t\t<h2 class=\"elementor-heading-title elementor-size-default\">6. Garant\u00eda<\/h2>\t\t\t\t<\/div>\n\t\t\t\t<\/div>\n\t\t\t\t<div class=\"elementor-element elementor-element-ae36913 elementor-widget elementor-widget-heading\" data-id=\"ae36913\" data-element_type=\"widget\" data-e-type=\"widget\" data-widget_type=\"heading.default\">\n\t\t\t\t<div class=\"elementor-widget-container\">\n\t\t\t\t\t<h2 class=\"elementor-heading-title elementor-size-default\">BUSINESS GROUP CORP SAS garantiza que el servicio de esta p\u00e1gina web se prestar\u00e1 de manera diligente y profesional, de acuerdo con los est\u00e1ndares de la industria y las mejores pr\u00e1cticas. En caso de que el usuario tenga problemas t\u00e9cnicos con la p\u00e1gina, BUSINESS GROUP CORP SAS se compromete a hacer todos los esfuerzos razonables para solucionarlos. Sin embargo, BUSINESS GROUP CORP SAS no garantiza que el servicio estar\u00e1 libre de errores o interrupciones. <\/h2>\t\t\t\t<\/div>\n\t\t\t\t<\/div>\n\t\t\t\t<div class=\"elementor-element elementor-element-37ae8c0 elementor-widget elementor-widget-heading\" data-id=\"37ae8c0\" data-element_type=\"widget\" data-e-type=\"widget\" data-widget_type=\"heading.default\">\n\t\t\t\t<div class=\"elementor-widget-container\">\n\t\t\t\t\t<h2 class=\"elementor-heading-title elementor-size-default\">7. Ley Aplicable y Jurisdicci\u00f3n<\/h2>\t\t\t\t<\/div>\n\t\t\t\t<\/div>\n\t\t\t\t<div class=\"elementor-element elementor-element-5d771c9 elementor-widget elementor-widget-heading\" data-id=\"5d771c9\" data-element_type=\"widget\" data-e-type=\"widget\" data-widget_type=\"heading.default\">\n\t\t\t\t<div class=\"elementor-widget-container\">\n\t\t\t\t\t<h2 class=\"elementor-heading-title elementor-size-default\">Estos T\u00e9rminos y Condiciones de Uso se rigen por las leyes de la Rep\u00fablica de Colombia. Cualquier disputa derivada de estos T\u00e9rminos y Condiciones estar\u00e1 sujeta a la jurisdicci\u00f3n de los tribunales competentes en Colombia.<\/h2>\t\t\t\t<\/div>\n\t\t\t\t<\/div>\n\t\t\t\t<div class=\"elementor-element elementor-element-d2ea19f elementor-widget elementor-widget-heading\" data-id=\"d2ea19f\" data-element_type=\"widget\" data-e-type=\"widget\" data-widget_type=\"heading.default\">\n\t\t\t\t<div class=\"elementor-widget-container\">\n\t\t\t\t\t<h2 class=\"elementor-heading-title elementor-size-default\">8. Aceptaci\u00f3n de los t\u00e9rminos y condiciones<\/h2>\t\t\t\t<\/div>\n\t\t\t\t<\/div>\n\t\t\t\t<div class=\"elementor-element elementor-element-d09976f elementor-widget elementor-widget-text-editor\" data-id=\"d09976f\" data-element_type=\"widget\" data-e-type=\"widget\" data-widget_type=\"text-editor.default\">\n\t\t\t\t<div class=\"elementor-widget-container\">\n\t\t\t\t\t\t\t\t\t<p>Al utilizar el SITIO, el usuario, cliente o potencial cliente, acepta estos T\u00e9rminos y Condiciones en su totalidad. BUSINESS GROUP CORP SAS se reserva el derecho de modificar o actualizar estos t\u00e9rminos en cualquier momento, y dichas modificaciones entrar\u00e1n en vigencia desde su publicaci\u00f3n en el SITIO. Cualquier duda o inquietud sobre los presentes T\u00e9rminos y Condiciones puede ser remitida al correo <span style=\"color: #ffffff;\"><a class=\"css-1rn59kg\" style=\"color: #ffffff;\" title=\"mailto:gerencia@businessgroupcorp.com.co\" href=\"mailto:gerencia@businessgroupcorp.com.co\" data-testid=\"link-with-safety\" data-renderer-mark=\"true\"><u data-renderer-mark=\"true\">gerencia@businessgroupcorp.com.co<\/u><\/a> <\/span>.<\/p><p>\u00daltima actualizaci\u00f3n: 24 de julio de 2024.<\/p>\t\t\t\t\t\t\t\t<\/div>\n\t\t\t\t<\/div>\n\t\t\t\t<\/div>\n\t\t\t\t<\/div>","protected":false},"excerpt":{"rendered":"<p>T\u00e9rminos y condiciones de uso Bienvenido a la p\u00e1gina web de BUSINESS GROUP CORP SAS, una p\u00e1gina web que muestra una oferta de Productos e informaci\u00f3n sobre las l\u00edneas de negocio de la empresa. Al acceder, consultar o usar nuestra plataforma web (en adelante, el &#8220;SITIO&#8221;), aceptas los siguientes T\u00e9rminos y Condiciones de Uso. Por [&hellip;]<\/p>\n","protected":false},"author":1,"featured_media":0,"parent":0,"menu_order":0,"comment_status":"closed","ping_status":"closed","template":"","meta":{"inline_featured_image":false,"ocean_post_layout":"","ocean_both_sidebars_style":"","ocean_both_sidebars_content_width":0,"ocean_both_sidebars_sidebars_width":0,"ocean_sidebar":"","ocean_second_sidebar":"","ocean_disable_margins":"enable","ocean_add_body_class":"","ocean_shortcode_before_top_bar":"","ocean_shortcode_after_top_bar":"","ocean_shortcode_before_header":"","ocean_shortcode_after_header":"","ocean_has_shortcode":"","ocean_shortcode_after_title":"","ocean_shortcode_before_footer_widgets":"","ocean_shortcode_after_footer_widgets":"","ocean_shortcode_before_footer_bottom":"","ocean_shortcode_after_footer_bottom":"","ocean_display_top_bar":"default","ocean_display_header":"default","ocean_header_style":"","ocean_center_header_left_menu":"","ocean_custom_header_template":"","ocean_custom_logo":0,"ocean_custom_retina_logo":0,"ocean_custom_logo_max_width":0,"ocean_custom_logo_tablet_max_width":0,"ocean_custom_logo_mobile_max_width":0,"ocean_custom_logo_max_height":0,"ocean_custom_logo_tablet_max_height":0,"ocean_custom_logo_mobile_max_height":0,"ocean_header_custom_menu":"","ocean_menu_typo_font_family":"","ocean_menu_typo_font_subset":"","ocean_menu_typo_font_size":0,"ocean_menu_typo_font_size_tablet":0,"ocean_menu_typo_font_size_mobile":0,"ocean_menu_typo_font_size_unit":"px","ocean_menu_typo_font_weight":"","ocean_menu_typo_font_weight_tablet":"","ocean_menu_typo_font_weight_mobile":"","ocean_menu_typo_transform":"","ocean_menu_typo_transform_tablet":"","ocean_menu_typo_transform_mobile":"","ocean_menu_typo_line_height":0,"ocean_menu_typo_line_height_tablet":0,"ocean_menu_typo_line_height_mobile":0,"ocean_menu_typo_line_height_unit":"","ocean_menu_typo_spacing":0,"ocean_menu_typo_spacing_tablet":0,"ocean_menu_typo_spacing_mobile":0,"ocean_menu_typo_spacing_unit":"","ocean_menu_link_color":"","ocean_menu_link_color_hover":"","ocean_menu_link_color_active":"","ocean_menu_link_background":"","ocean_menu_link_hover_background":"","ocean_menu_link_active_background":"","ocean_menu_social_links_bg":"","ocean_menu_social_hover_links_bg":"","ocean_menu_social_links_color":"","ocean_menu_social_hover_links_color":"","ocean_disable_title":"default","ocean_disable_heading":"default","ocean_post_title":"","ocean_post_subheading":"","ocean_post_title_style":"","ocean_post_title_background_color":"","ocean_post_title_background":0,"ocean_post_title_bg_image_position":"","ocean_post_title_bg_image_attachment":"","ocean_post_title_bg_image_repeat":"","ocean_post_title_bg_image_size":"","ocean_post_title_height":0,"ocean_post_title_bg_overlay":0.5,"ocean_post_title_bg_overlay_color":"","ocean_disable_breadcrumbs":"default","ocean_breadcrumbs_color":"","ocean_breadcrumbs_separator_color":"","ocean_breadcrumbs_links_color":"","ocean_breadcrumbs_links_hover_color":"","ocean_display_footer_widgets":"default","ocean_display_footer_bottom":"default","ocean_custom_footer_template":"","footnotes":""},"class_list":["post-1877","page","type-page","status-publish","hentry","entry","owp-thumbs-layout-horizontal","owp-btn-normal","owp-tabs-layout-horizontal","has-no-thumbnails","has-product-nav"],"yoast_head":"<!-- This site is optimized with the Yoast SEO plugin v24.6 - https:\/\/yoast.com\/wordpress\/plugins\/seo\/ -->\n<title>T\u00e9rminos y condiciones de uso - Business Group Corp<\/title>\n<meta name=\"robots\" content=\"index, follow, max-snippet:-1, max-image-preview:large, max-video-preview:-1\" \/>\n<link rel=\"canonical\" href=\"https:\/\/businessgroupcorp.com.co\/en\/terminos-y-condiciones-de-uso\/\" \/>\n<meta property=\"og:locale\" content=\"en_US\" \/>\n<meta property=\"og:type\" content=\"article\" \/>\n<meta property=\"og:title\" content=\"T\u00e9rminos y condiciones de uso - Business Group Corp\" \/>\n<meta property=\"og:description\" content=\"T\u00e9rminos y condiciones de uso Bienvenido a la p\u00e1gina web de BUSINESS GROUP CORP SAS, una p\u00e1gina web que muestra una oferta de Productos e informaci\u00f3n sobre las l\u00edneas de negocio de la empresa. Al acceder, consultar o usar nuestra plataforma web (en adelante, el &#8220;SITIO&#8221;), aceptas los siguientes T\u00e9rminos y Condiciones de Uso. Por [&hellip;]\" \/>\n<meta property=\"og:url\" content=\"https:\/\/businessgroupcorp.com.co\/en\/terminos-y-condiciones-de-uso\/\" \/>\n<meta property=\"og:site_name\" content=\"Business Group Corp\" \/>\n<meta property=\"article:modified_time\" content=\"2024-08-28T16:25:15+00:00\" \/>\n<meta name=\"twitter:card\" content=\"summary_large_image\" \/>\n<meta name=\"twitter:label1\" content=\"Est. reading time\" \/>\n\t<meta name=\"twitter:data1\" content=\"3 minutes\" \/>\n<script type=\"application\/ld+json\" class=\"yoast-schema-graph\">{\"@context\":\"https:\/\/schema.org\",\"@graph\":[{\"@type\":\"WebPage\",\"@id\":\"https:\/\/businessgroupcorp.com.co\/terminos-y-condiciones-de-uso\/\",\"url\":\"https:\/\/businessgroupcorp.com.co\/terminos-y-condiciones-de-uso\/\",\"name\":\"T\u00e9rminos y condiciones de uso - Business Group Corp\",\"isPartOf\":{\"@id\":\"https:\/\/businessgroupcorp.com.co\/#website\"},\"datePublished\":\"2024-08-27T21:26:09+00:00\",\"dateModified\":\"2024-08-28T16:25:15+00:00\",\"breadcrumb\":{\"@id\":\"https:\/\/businessgroupcorp.com.co\/terminos-y-condiciones-de-uso\/#breadcrumb\"},\"inLanguage\":\"en-US\",\"potentialAction\":[{\"@type\":\"ReadAction\",\"target\":[\"https:\/\/businessgroupcorp.com.co\/terminos-y-condiciones-de-uso\/\"]}]},{\"@type\":\"BreadcrumbList\",\"@id\":\"https:\/\/businessgroupcorp.com.co\/terminos-y-condiciones-de-uso\/#breadcrumb\",\"itemListElement\":[{\"@type\":\"ListItem\",\"position\":1,\"name\":\"Inicio\",\"item\":\"https:\/\/businessgroupcorp.com.co\/\"},{\"@type\":\"ListItem\",\"position\":2,\"name\":\"T\u00e9rminos y condiciones de uso\"}]},{\"@type\":\"WebSite\",\"@id\":\"https:\/\/businessgroupcorp.com.co\/#website\",\"url\":\"https:\/\/businessgroupcorp.com.co\/\",\"name\":\"Business Group Corp\",\"description\":\"\",\"publisher\":{\"@id\":\"https:\/\/businessgroupcorp.com.co\/#organization\"},\"potentialAction\":[{\"@type\":\"SearchAction\",\"target\":{\"@type\":\"EntryPoint\",\"urlTemplate\":\"https:\/\/businessgroupcorp.com.co\/?s={search_term_string}\"},\"query-input\":{\"@type\":\"PropertyValueSpecification\",\"valueRequired\":true,\"valueName\":\"search_term_string\"}}],\"inLanguage\":\"en-US\"},{\"@type\":\"Organization\",\"@id\":\"https:\/\/businessgroupcorp.com.co\/#organization\",\"name\":\"Business Group Corp\",\"url\":\"https:\/\/businessgroupcorp.com.co\/\",\"logo\":{\"@type\":\"ImageObject\",\"inLanguage\":\"en-US\",\"@id\":\"https:\/\/businessgroupcorp.com.co\/#\/schema\/logo\/image\/\",\"url\":\"https:\/\/businessgroupcorp.com.co\/wp-content\/uploads\/2024\/06\/Logo-BGC-1.png\",\"contentUrl\":\"https:\/\/businessgroupcorp.com.co\/wp-content\/uploads\/2024\/06\/Logo-BGC-1.png\",\"width\":1080,\"height\":1080,\"caption\":\"Business Group Corp\"},\"image\":{\"@id\":\"https:\/\/businessgroupcorp.com.co\/#\/schema\/logo\/image\/\"}}]}<\/script>\n<!-- \/ Yoast SEO plugin. -->","yoast_head_json":{"title":"T\u00e9rminos y condiciones de uso - Business Group Corp","robots":{"index":"index","follow":"follow","max-snippet":"max-snippet:-1","max-image-preview":"max-image-preview:large","max-video-preview":"max-video-preview:-1"},"canonical":"https:\/\/businessgroupcorp.com.co\/en\/terminos-y-condiciones-de-uso\/","og_locale":"en_US","og_type":"article","og_title":"T\u00e9rminos y condiciones de uso - Business Group Corp","og_description":"T\u00e9rminos y condiciones de uso Bienvenido a la p\u00e1gina web de BUSINESS GROUP CORP SAS, una p\u00e1gina web que muestra una oferta de Productos e informaci\u00f3n sobre las l\u00edneas de negocio de la empresa. Al acceder, consultar o usar nuestra plataforma web (en adelante, el &#8220;SITIO&#8221;), aceptas los siguientes T\u00e9rminos y Condiciones de Uso. Por [&hellip;]","og_url":"https:\/\/businessgroupcorp.com.co\/en\/terminos-y-condiciones-de-uso\/","og_site_name":"Business Group Corp","article_modified_time":"2024-08-28T16:25:15+00:00","twitter_card":"summary_large_image","twitter_misc":{"Est. reading time":"3 minutes"},"schema":{"@context":"https:\/\/schema.org","@graph":[{"@type":"WebPage","@id":"https:\/\/businessgroupcorp.com.co\/terminos-y-condiciones-de-uso\/","url":"https:\/\/businessgroupcorp.com.co\/terminos-y-condiciones-de-uso\/","name":"T\u00e9rminos y condiciones de uso - Business Group Corp","isPartOf":{"@id":"https:\/\/businessgroupcorp.com.co\/#website"},"datePublished":"2024-08-27T21:26:09+00:00","dateModified":"2024-08-28T16:25:15+00:00","breadcrumb":{"@id":"https:\/\/businessgroupcorp.com.co\/terminos-y-condiciones-de-uso\/#breadcrumb"},"inLanguage":"en-US","potentialAction":[{"@type":"ReadAction","target":["https:\/\/businessgroupcorp.com.co\/terminos-y-condiciones-de-uso\/"]}]},{"@type":"BreadcrumbList","@id":"https:\/\/businessgroupcorp.com.co\/terminos-y-condiciones-de-uso\/#breadcrumb","itemListElement":[{"@type":"ListItem","position":1,"name":"Inicio","item":"https:\/\/businessgroupcorp.com.co\/"},{"@type":"ListItem","position":2,"name":"T\u00e9rminos y condiciones de uso"}]},{"@type":"WebSite","@id":"https:\/\/businessgroupcorp.com.co\/#website","url":"https:\/\/businessgroupcorp.com.co\/","name":"Business Group Corp","description":"","publisher":{"@id":"https:\/\/businessgroupcorp.com.co\/#organization"},"potentialAction":[{"@type":"SearchAction","target":{"@type":"EntryPoint","urlTemplate":"https:\/\/businessgroupcorp.com.co\/?s={search_term_string}"},"query-input":{"@type":"PropertyValueSpecification","valueRequired":true,"valueName":"search_term_string"}}],"inLanguage":"en-US"},{"@type":"Organization","@id":"https:\/\/businessgroupcorp.com.co\/#organization","name":"Business Group Corp","url":"https:\/\/businessgroupcorp.com.co\/","logo":{"@type":"ImageObject","inLanguage":"en-US","@id":"https:\/\/businessgroupcorp.com.co\/#\/schema\/logo\/image\/","url":"https:\/\/businessgroupcorp.com.co\/wp-content\/uploads\/2024\/06\/Logo-BGC-1.png","contentUrl":"https:\/\/businessgroupcorp.com.co\/wp-content\/uploads\/2024\/06\/Logo-BGC-1.png","width":1080,"height":1080,"caption":"Business Group Corp"},"image":{"@id":"https:\/\/businessgroupcorp.com.co\/#\/schema\/logo\/image\/"}}]}},"_links":{"self":[{"href":"https:\/\/businessgroupcorp.com.co\/en\/wp-json\/wp\/v2\/pages\/1877","targetHints":{"allow":["GET"]}}],"collection":[{"href":"https:\/\/businessgroupcorp.com.co\/en\/wp-json\/wp\/v2\/pages"}],"about":[{"href":"https:\/\/businessgroupcorp.com.co\/en\/wp-json\/wp\/v2\/types\/page"}],"author":[{"embeddable":true,"href":"https:\/\/businessgroupcorp.com.co\/en\/wp-json\/wp\/v2\/users\/1"}],"replies":[{"embeddable":true,"href":"https:\/\/businessgroupcorp.com.co\/en\/wp-json\/wp\/v2\/comments?post=1877"}],"version-history":[{"count":0,"href":"https:\/\/businessgroupcorp.com.co\/en\/wp-json\/wp\/v2\/pages\/1877\/revisions"}],"wp:attachment":[{"href":"https:\/\/businessgroupcorp.com.co\/en\/wp-json\/wp\/v2\/media?parent=1877"}],"curies":[{"name":"wp","href":"https:\/\/api.w.org\/{rel}","templated":true}]}}