{"id":1879,"date":"2024-08-27T21:28:15","date_gmt":"2024-08-27T21:28:15","guid":{"rendered":"https:\/\/vivido-ia.com\/BGC\/?page_id=1879"},"modified":"2024-08-28T16:25:53","modified_gmt":"2024-08-28T16:25:53","slug":"politica-de-privacidad-y-manejo-de-datos-personales","status":"publish","type":"page","link":"https:\/\/businessgroupcorp.com.co\/en\/politica-de-privacidad-y-manejo-de-datos-personales\/","title":{"rendered":"Pol\u00edtica de privacidad y manejo de datos personales"},"content":{"rendered":"<div data-elementor-type=\"wp-page\" data-elementor-id=\"1879\" class=\"elementor elementor-1879\">\n\t\t\t\t<div class=\"elementor-element elementor-element-1e59689 e-con-full e-flex e-con e-parent\" data-id=\"1e59689\" data-element_type=\"container\" data-e-type=\"container\">\n\t\t\t\t<div class=\"elementor-element elementor-element-f410c80 elementor-widget elementor-widget-heading\" data-id=\"f410c80\" data-element_type=\"widget\" data-e-type=\"widget\" data-widget_type=\"heading.default\">\n\t\t\t\t<div class=\"elementor-widget-container\">\n\t\t\t\t\t<h2 class=\"elementor-heading-title elementor-size-default\">Pol\u00edtica de privacidad y manejo de datos personales<\/h2>\t\t\t\t<\/div>\n\t\t\t\t<\/div>\n\t\t\t\t<div class=\"elementor-element elementor-element-7c34492 elementor-widget elementor-widget-heading\" data-id=\"7c34492\" data-element_type=\"widget\" data-e-type=\"widget\" data-widget_type=\"heading.default\">\n\t\t\t\t<div class=\"elementor-widget-container\">\n\t\t\t\t\t<h2 class=\"elementor-heading-title elementor-size-default\">En cumplimiento de lo establecido en la Ley 1581 de 2012 y el Decreto Reglamentario 1377 de 2013, BUSINESS GROUP CORP SAS se compromete a garantizar la protecci\u00f3n y privacidad de los datos personales de sus usuarios, clientes y potenciales clientes, para lo cual ha adoptado medidas t\u00e9cnicas y administrativas que aseguran su seguridad, confidencialidad e integridad<\/h2>\t\t\t\t<\/div>\n\t\t\t\t<\/div>\n\t\t\t\t<div class=\"elementor-element elementor-element-e1e7c4d elementor-widget elementor-widget-heading\" data-id=\"e1e7c4d\" data-element_type=\"widget\" data-e-type=\"widget\" data-widget_type=\"heading.default\">\n\t\t\t\t<div class=\"elementor-widget-container\">\n\t\t\t\t\t<h2 class=\"elementor-heading-title elementor-size-default\">1. Identificaci\u00f3n del Responsable del Tratamiento de Datos Personales<\/h2>\t\t\t\t<\/div>\n\t\t\t\t<\/div>\n\t\t\t\t<div class=\"elementor-element elementor-element-3103ad5 elementor-widget elementor-widget-heading\" data-id=\"3103ad5\" data-element_type=\"widget\" data-e-type=\"widget\" data-widget_type=\"heading.default\">\n\t\t\t\t<div class=\"elementor-widget-container\">\n\t\t\t\t\t<h2 class=\"elementor-heading-title elementor-size-default\">BUSINESS GROUP CORP SAS, identificado con 901386878-4 y domiciliado en la Calle 18 # 15 - 78 Apartamento 401, Bogot\u00e1, ser\u00e1 el responsable del tratamiento de los datos personales.<\/h2>\t\t\t\t<\/div>\n\t\t\t\t<\/div>\n\t\t\t\t<div class=\"elementor-element elementor-element-b3dd26c elementor-widget elementor-widget-heading\" data-id=\"b3dd26c\" data-element_type=\"widget\" data-e-type=\"widget\" data-widget_type=\"heading.default\">\n\t\t\t\t<div class=\"elementor-widget-container\">\n\t\t\t\t\t<h2 class=\"elementor-heading-title elementor-size-default\">2. Finalidades del Tratamiento de los Datos Personales<\/h2>\t\t\t\t<\/div>\n\t\t\t\t<\/div>\n\t\t\t\t<div class=\"elementor-element elementor-element-aa27905 elementor-widget elementor-widget-heading\" data-id=\"aa27905\" data-element_type=\"widget\" data-e-type=\"widget\" data-widget_type=\"heading.default\">\n\t\t\t\t<div class=\"elementor-widget-container\">\n\t\t\t\t\t<h2 class=\"elementor-heading-title elementor-size-default\">BUSINESS GROUP CORP SAS tratar\u00e1 los datos personales de los usuarios con las siguientes finalidades: <br><br>a. Prestaci\u00f3n de servicios: BUSINESS GROUP CORP SAS utiliza los datos personales de sus usuarios para brindar los servicios y funcionalidades publicadas en esta plataforma web, as\u00ed como para la gesti\u00f3n de sus datos para identificar tendencias, perfiles y hallazgos sobre lo registrado. <br><br>b. Investigaci\u00f3n de mercado: BUSINESS GROUP CORP SAS procesa los datos personales de los usuarios para llevar a cabo investigaciones de mercado y an\u00e1lisis de la informaci\u00f3n que permitan desarrollar productos y servicios que satisfagan las necesidades y expectativas de sus usuarios. <br><br>c. Comunicaciones comerciales: BUSINESS GROUP CORP SAS utiliza los datos personales de los usuarios para enviar informaci\u00f3n comercial sobre sus productos, servicios y promociones. <br><br>d. Atenci\u00f3n al cliente: Utilizaremos sus datos personales para atender sus solicitudes, resolver sus inquietudes y brindarle un mejor servicio al cliente. <br><br>e. Seguridad de la plataforma: Utilizaremos sus datos personales para garantizar la seguridad de nuestra plataforma web y prevenir fraudes o actividades maliciosas. <br><br>f. Cumplimiento legal: Podremos utilizar sus datos personales para cumplir con nuestras obligaciones legales, incluyendo aquellas relacionadas con la prevenci\u00f3n del fraude, la protecci\u00f3n de los consumidores y la lucha contra el lavado de activos.<\/h2>\t\t\t\t<\/div>\n\t\t\t\t<\/div>\n\t\t\t\t<div class=\"elementor-element elementor-element-e99b25e elementor-widget elementor-widget-heading\" data-id=\"e99b25e\" data-element_type=\"widget\" data-e-type=\"widget\" data-widget_type=\"heading.default\">\n\t\t\t\t<div class=\"elementor-widget-container\">\n\t\t\t\t\t<h2 class=\"elementor-heading-title elementor-size-default\">3. Derechos de los Titulares de los Datos Personales<\/h2>\t\t\t\t<\/div>\n\t\t\t\t<\/div>\n\t\t\t\t<div class=\"elementor-element elementor-element-0201a08 elementor-widget elementor-widget-heading\" data-id=\"0201a08\" data-element_type=\"widget\" data-e-type=\"widget\" data-widget_type=\"heading.default\">\n\t\t\t\t<div class=\"elementor-widget-container\">\n\t\t\t\t\t<h2 class=\"elementor-heading-title elementor-size-default\">Los titulares de los datos personales tendr\u00e1n los siguientes derechos: <br><br>a. Acceder a los datos personales que BUSINESS GROUP CORP SAS tiene en su poder. <br><br>b. Solicitar la correcci\u00f3n de los datos personales que sean inexactos o incompletos. <br><br>c. Solicitar la eliminaci\u00f3n de los datos personales que no sean necesarios para la finalidad para la cual fueron recogidos. <br><br>d. Revocar la autorizaci\u00f3n para el tratamiento de los datos personales en cualquier momento.<\/h2>\t\t\t\t<\/div>\n\t\t\t\t<\/div>\n\t\t\t\t<div class=\"elementor-element elementor-element-c7d8c45 elementor-widget elementor-widget-heading\" data-id=\"c7d8c45\" data-element_type=\"widget\" data-e-type=\"widget\" data-widget_type=\"heading.default\">\n\t\t\t\t<div class=\"elementor-widget-container\">\n\t\t\t\t\t<h2 class=\"elementor-heading-title elementor-size-default\">4. Autorizaci\u00f3n para el Tratamiento de Datos Personales<\/h2>\t\t\t\t<\/div>\n\t\t\t\t<\/div>\n\t\t\t\t<div class=\"elementor-element elementor-element-42239f0 elementor-widget elementor-widget-heading\" data-id=\"42239f0\" data-element_type=\"widget\" data-e-type=\"widget\" data-widget_type=\"heading.default\">\n\t\t\t\t<div class=\"elementor-widget-container\">\n\t\t\t\t\t<h2 class=\"elementor-heading-title elementor-size-default\">BUSINESS GROUP CORP SAS solo realizar\u00e1 el tratamiento de los datos personales de los usuarios si cuenta con su autorizaci\u00f3n previa, expresa e informada. Esta autorizaci\u00f3n podr\u00e1 ser otorgada mediante el diligenciamiento de un formulario en l\u00ednea o mediante cualquier otro medio habilitado por la empresa, pero siempre pudiendo acceder a esta informaci\u00f3n para su consulta. Al utilizar los servicios de BUSINESS GROUP CORP SAS, los usuarios aceptan y autorizan el tratamiento de sus datos personales de acuerdo con esta Pol\u00edtica de Tratamiento de Datos Personales.<\/h2>\t\t\t\t<\/div>\n\t\t\t\t<\/div>\n\t\t\t\t<div class=\"elementor-element elementor-element-194f693 elementor-widget elementor-widget-heading\" data-id=\"194f693\" data-element_type=\"widget\" data-e-type=\"widget\" data-widget_type=\"heading.default\">\n\t\t\t\t<div class=\"elementor-widget-container\">\n\t\t\t\t\t<h2 class=\"elementor-heading-title elementor-size-default\">5. Seguridad de los Datos Personales<\/h2>\t\t\t\t<\/div>\n\t\t\t\t<\/div>\n\t\t\t\t<div class=\"elementor-element elementor-element-1ae33e8 elementor-widget elementor-widget-heading\" data-id=\"1ae33e8\" data-element_type=\"widget\" data-e-type=\"widget\" data-widget_type=\"heading.default\">\n\t\t\t\t<div class=\"elementor-widget-container\">\n\t\t\t\t\t<h2 class=\"elementor-heading-title elementor-size-default\">BUSINESS GROUP CORP SAS adopta medidas t\u00e9cnicas y administrativas para garantizar la seguridad, confidencialidad e integridad de los datos personales de sus usuarios.<\/h2>\t\t\t\t<\/div>\n\t\t\t\t<\/div>\n\t\t\t\t<div class=\"elementor-element elementor-element-41253e8 elementor-widget elementor-widget-heading\" data-id=\"41253e8\" data-element_type=\"widget\" data-e-type=\"widget\" data-widget_type=\"heading.default\">\n\t\t\t\t<div class=\"elementor-widget-container\">\n\t\t\t\t\t<h2 class=\"elementor-heading-title elementor-size-default\">6. Transferencia de Datos Personales<\/h2>\t\t\t\t<\/div>\n\t\t\t\t<\/div>\n\t\t\t\t<div class=\"elementor-element elementor-element-164eba9 elementor-widget elementor-widget-heading\" data-id=\"164eba9\" data-element_type=\"widget\" data-e-type=\"widget\" data-widget_type=\"heading.default\">\n\t\t\t\t<div class=\"elementor-widget-container\">\n\t\t\t\t\t<h2 class=\"elementor-heading-title elementor-size-default\">BUSINESS GROUP CORP SAS podr\u00e1 transferir los datos personales de sus usuarios a terceros ubicados en otros pa\u00edses, siempre y cuando se cumplan los requisitos establecidos en la Ley 1581 de 2012, el Decreto Reglamentario 1377 de 2013 y todos las normas asociadas, incluyendo el aseguramiento de la privacidad de los usuarios y el tratamiento de datos sensibles.\n\n <\/h2>\t\t\t\t<\/div>\n\t\t\t\t<\/div>\n\t\t\t\t<div class=\"elementor-element elementor-element-21d36ce elementor-widget elementor-widget-heading\" data-id=\"21d36ce\" data-element_type=\"widget\" data-e-type=\"widget\" data-widget_type=\"heading.default\">\n\t\t\t\t<div class=\"elementor-widget-container\">\n\t\t\t\t\t<h2 class=\"elementor-heading-title elementor-size-default\">7. Actualizaci\u00f3n de la Pol\u00edtica de Tratamiento de Datos Personales<\/h2>\t\t\t\t<\/div>\n\t\t\t\t<\/div>\n\t\t\t\t<div class=\"elementor-element elementor-element-15f6ada elementor-widget elementor-widget-text-editor\" data-id=\"15f6ada\" data-element_type=\"widget\" data-e-type=\"widget\" data-widget_type=\"text-editor.default\">\n\t\t\t\t<div class=\"elementor-widget-container\">\n\t\t\t\t\t\t\t\t\t<p>BUSINESS GROUP CORP SAS se reserva el derecho de modificar o actualizar esta pol\u00edtica de privacidad y datos personales en cualquier momento, y dichas modificaciones entrar\u00e1n en vigencia desde su publicaci\u00f3n en esta p\u00e1gina. Cualquier duda o inquietud sobre la presente pol\u00edtica puede ser remitida al correo <span style=\"color: #ffffff;\"><a class=\"css-1rn59kg\" style=\"color: #ffffff;\" title=\"mailto:gerencia@businessgroupcorp.com.co\" href=\"mailto:gerencia@businessgroupcorp.com.co\" data-testid=\"link-with-safety\" data-renderer-mark=\"true\"><u data-renderer-mark=\"true\">gerencia@businessgroupcorp.com.co<\/u><\/a> .<\/span><\/p>\t\t\t\t\t\t\t\t<\/div>\n\t\t\t\t<\/div>\n\t\t\t\t<div class=\"elementor-element elementor-element-05d2d21 elementor-widget elementor-widget-heading\" data-id=\"05d2d21\" data-element_type=\"widget\" data-e-type=\"widget\" data-widget_type=\"heading.default\">\n\t\t\t\t<div class=\"elementor-widget-container\">\n\t\t\t\t\t<h2 class=\"elementor-heading-title elementor-size-default\">8. Contacto<\/h2>\t\t\t\t<\/div>\n\t\t\t\t<\/div>\n\t\t\t\t<div class=\"elementor-element elementor-element-9c96b96 elementor-widget elementor-widget-text-editor\" data-id=\"9c96b96\" data-element_type=\"widget\" data-e-type=\"widget\" data-widget_type=\"text-editor.default\">\n\t\t\t\t<div class=\"elementor-widget-container\">\n\t\t\t\t\t\t\t\t\t<p>Si los usuarios tienen alguna duda o inquietud sobre el tratamiento de sus datos personales por parte de BUSINESS GROUP CORP SAS, pueden contactar al Encargado de Protecci\u00f3n de Datos,\u00a0 Lorena Patricia Reyes Cardona, a trav\u00e9s del correo electr\u00f3nico <span style=\"color: #ffffff;\"><a class=\"css-1rn59kg\" style=\"color: #ffffff;\" title=\"mailto:gerencia@businessgroupcorp.com.co\" href=\"mailto:gerencia@businessgroupcorp.com.co\" data-testid=\"link-with-safety\" data-renderer-mark=\"true\"><u data-renderer-mark=\"true\">gerencia@businessgroupcorp.com.co<\/u><\/a><\/span> . Asimismo, podr\u00e1n solicitar a dicho encargado la informaci\u00f3n, actualizaci\u00f3n o eliminaci\u00f3n de la informaci\u00f3n registrada.<\/p><p>\u00daltima actualizaci\u00f3n: 24 de julio de 2024.<\/p>\t\t\t\t\t\t\t\t<\/div>\n\t\t\t\t<\/div>\n\t\t\t\t<\/div>\n\t\t\t\t<\/div>","protected":false},"excerpt":{"rendered":"<p>Pol\u00edtica de privacidad y manejo de datos personales En cumplimiento de lo establecido en la Ley 1581 de 2012 y el Decreto Reglamentario 1377 de 2013, BUSINESS GROUP CORP SAS se compromete a garantizar la protecci\u00f3n y privacidad de los datos personales de sus usuarios, clientes y potenciales clientes, para lo cual ha adoptado medidas [&hellip;]<\/p>\n","protected":false},"author":1,"featured_media":0,"parent":0,"menu_order":0,"comment_status":"closed","ping_status":"closed","template":"","meta":{"inline_featured_image":false,"ocean_post_layout":"","ocean_both_sidebars_style":"","ocean_both_sidebars_content_width":0,"ocean_both_sidebars_sidebars_width":0,"ocean_sidebar":"","ocean_second_sidebar":"","ocean_disable_margins":"enable","ocean_add_body_class":"","ocean_shortcode_before_top_bar":"","ocean_shortcode_after_top_bar":"","ocean_shortcode_before_header":"","ocean_shortcode_after_header":"","ocean_has_shortcode":"","ocean_shortcode_after_title":"","ocean_shortcode_before_footer_widgets":"","ocean_shortcode_after_footer_widgets":"","ocean_shortcode_before_footer_bottom":"","ocean_shortcode_after_footer_bottom":"","ocean_display_top_bar":"default","ocean_display_header":"default","ocean_header_style":"","ocean_center_header_left_menu":"","ocean_custom_header_template":"","ocean_custom_logo":0,"ocean_custom_retina_logo":0,"ocean_custom_logo_max_width":0,"ocean_custom_logo_tablet_max_width":0,"ocean_custom_logo_mobile_max_width":0,"ocean_custom_logo_max_height":0,"ocean_custom_logo_tablet_max_height":0,"ocean_custom_logo_mobile_max_height":0,"ocean_header_custom_menu":"","ocean_menu_typo_font_family":"","ocean_menu_typo_font_subset":"","ocean_menu_typo_font_size":0,"ocean_menu_typo_font_size_tablet":0,"ocean_menu_typo_font_size_mobile":0,"ocean_menu_typo_font_size_unit":"px","ocean_menu_typo_font_weight":"","ocean_menu_typo_font_weight_tablet":"","ocean_menu_typo_font_weight_mobile":"","ocean_menu_typo_transform":"","ocean_menu_typo_transform_tablet":"","ocean_menu_typo_transform_mobile":"","ocean_menu_typo_line_height":0,"ocean_menu_typo_line_height_tablet":0,"ocean_menu_typo_line_height_mobile":0,"ocean_menu_typo_line_height_unit":"","ocean_menu_typo_spacing":0,"ocean_menu_typo_spacing_tablet":0,"ocean_menu_typo_spacing_mobile":0,"ocean_menu_typo_spacing_unit":"","ocean_menu_link_color":"","ocean_menu_link_color_hover":"","ocean_menu_link_color_active":"","ocean_menu_link_background":"","ocean_menu_link_hover_background":"","ocean_menu_link_active_background":"","ocean_menu_social_links_bg":"","ocean_menu_social_hover_links_bg":"","ocean_menu_social_links_color":"","ocean_menu_social_hover_links_color":"","ocean_disable_title":"default","ocean_disable_heading":"default","ocean_post_title":"","ocean_post_subheading":"","ocean_post_title_style":"","ocean_post_title_background_color":"","ocean_post_title_background":0,"ocean_post_title_bg_image_position":"","ocean_post_title_bg_image_attachment":"","ocean_post_title_bg_image_repeat":"","ocean_post_title_bg_image_size":"","ocean_post_title_height":0,"ocean_post_title_bg_overlay":0.5,"ocean_post_title_bg_overlay_color":"","ocean_disable_breadcrumbs":"default","ocean_breadcrumbs_color":"","ocean_breadcrumbs_separator_color":"","ocean_breadcrumbs_links_color":"","ocean_breadcrumbs_links_hover_color":"","ocean_display_footer_widgets":"default","ocean_display_footer_bottom":"default","ocean_custom_footer_template":"","footnotes":""},"class_list":["post-1879","page","type-page","status-publish","hentry","entry","owp-thumbs-layout-horizontal","owp-btn-normal","owp-tabs-layout-horizontal","has-no-thumbnails","has-product-nav"],"yoast_head":"<!-- This site is optimized with the Yoast SEO plugin v24.6 - https:\/\/yoast.com\/wordpress\/plugins\/seo\/ -->\n<title>Pol\u00edtica de privacidad y manejo de datos personales - Business Group Corp<\/title>\n<meta name=\"robots\" content=\"index, follow, max-snippet:-1, max-image-preview:large, max-video-preview:-1\" \/>\n<link rel=\"canonical\" href=\"https:\/\/businessgroupcorp.com.co\/en\/politica-de-privacidad-y-manejo-de-datos-personales\/\" \/>\n<meta property=\"og:locale\" content=\"en_US\" \/>\n<meta property=\"og:type\" content=\"article\" \/>\n<meta property=\"og:title\" content=\"Pol\u00edtica de privacidad y manejo de datos personales - Business Group Corp\" \/>\n<meta property=\"og:description\" content=\"Pol\u00edtica de privacidad y manejo de datos personales En cumplimiento de lo establecido en la Ley 1581 de 2012 y el Decreto Reglamentario 1377 de 2013, BUSINESS GROUP CORP SAS se compromete a garantizar la protecci\u00f3n y privacidad de los datos personales de sus usuarios, clientes y potenciales clientes, para lo cual ha adoptado medidas [&hellip;]\" \/>\n<meta property=\"og:url\" content=\"https:\/\/businessgroupcorp.com.co\/en\/politica-de-privacidad-y-manejo-de-datos-personales\/\" \/>\n<meta property=\"og:site_name\" content=\"Business Group Corp\" \/>\n<meta property=\"article:modified_time\" content=\"2024-08-28T16:25:53+00:00\" \/>\n<meta name=\"twitter:card\" content=\"summary_large_image\" \/>\n<meta name=\"twitter:label1\" content=\"Est. reading time\" \/>\n\t<meta name=\"twitter:data1\" content=\"4 minutes\" \/>\n<script type=\"application\/ld+json\" class=\"yoast-schema-graph\">{\"@context\":\"https:\/\/schema.org\",\"@graph\":[{\"@type\":\"WebPage\",\"@id\":\"https:\/\/businessgroupcorp.com.co\/politica-de-privacidad-y-manejo-de-datos-personales\/\",\"url\":\"https:\/\/businessgroupcorp.com.co\/politica-de-privacidad-y-manejo-de-datos-personales\/\",\"name\":\"Pol\u00edtica de privacidad y manejo de datos personales - Business Group Corp\",\"isPartOf\":{\"@id\":\"https:\/\/businessgroupcorp.com.co\/#website\"},\"datePublished\":\"2024-08-27T21:28:15+00:00\",\"dateModified\":\"2024-08-28T16:25:53+00:00\",\"breadcrumb\":{\"@id\":\"https:\/\/businessgroupcorp.com.co\/politica-de-privacidad-y-manejo-de-datos-personales\/#breadcrumb\"},\"inLanguage\":\"en-US\",\"potentialAction\":[{\"@type\":\"ReadAction\",\"target\":[\"https:\/\/businessgroupcorp.com.co\/politica-de-privacidad-y-manejo-de-datos-personales\/\"]}]},{\"@type\":\"BreadcrumbList\",\"@id\":\"https:\/\/businessgroupcorp.com.co\/politica-de-privacidad-y-manejo-de-datos-personales\/#breadcrumb\",\"itemListElement\":[{\"@type\":\"ListItem\",\"position\":1,\"name\":\"Inicio\",\"item\":\"https:\/\/businessgroupcorp.com.co\/\"},{\"@type\":\"ListItem\",\"position\":2,\"name\":\"Pol\u00edtica de privacidad y manejo de datos personales\"}]},{\"@type\":\"WebSite\",\"@id\":\"https:\/\/businessgroupcorp.com.co\/#website\",\"url\":\"https:\/\/businessgroupcorp.com.co\/\",\"name\":\"Business Group Corp\",\"description\":\"\",\"publisher\":{\"@id\":\"https:\/\/businessgroupcorp.com.co\/#organization\"},\"potentialAction\":[{\"@type\":\"SearchAction\",\"target\":{\"@type\":\"EntryPoint\",\"urlTemplate\":\"https:\/\/businessgroupcorp.com.co\/?s={search_term_string}\"},\"query-input\":{\"@type\":\"PropertyValueSpecification\",\"valueRequired\":true,\"valueName\":\"search_term_string\"}}],\"inLanguage\":\"en-US\"},{\"@type\":\"Organization\",\"@id\":\"https:\/\/businessgroupcorp.com.co\/#organization\",\"name\":\"Business Group Corp\",\"url\":\"https:\/\/businessgroupcorp.com.co\/\",\"logo\":{\"@type\":\"ImageObject\",\"inLanguage\":\"en-US\",\"@id\":\"https:\/\/businessgroupcorp.com.co\/#\/schema\/logo\/image\/\",\"url\":\"https:\/\/businessgroupcorp.com.co\/wp-content\/uploads\/2024\/06\/Logo-BGC-1.png\",\"contentUrl\":\"https:\/\/businessgroupcorp.com.co\/wp-content\/uploads\/2024\/06\/Logo-BGC-1.png\",\"width\":1080,\"height\":1080,\"caption\":\"Business Group Corp\"},\"image\":{\"@id\":\"https:\/\/businessgroupcorp.com.co\/#\/schema\/logo\/image\/\"}}]}<\/script>\n<!-- \/ Yoast SEO plugin. -->","yoast_head_json":{"title":"Pol\u00edtica de privacidad y manejo de datos personales - Business Group Corp","robots":{"index":"index","follow":"follow","max-snippet":"max-snippet:-1","max-image-preview":"max-image-preview:large","max-video-preview":"max-video-preview:-1"},"canonical":"https:\/\/businessgroupcorp.com.co\/en\/politica-de-privacidad-y-manejo-de-datos-personales\/","og_locale":"en_US","og_type":"article","og_title":"Pol\u00edtica de privacidad y manejo de datos personales - Business Group Corp","og_description":"Pol\u00edtica de privacidad y manejo de datos personales En cumplimiento de lo establecido en la Ley 1581 de 2012 y el Decreto Reglamentario 1377 de 2013, BUSINESS GROUP CORP SAS se compromete a garantizar la protecci\u00f3n y privacidad de los datos personales de sus usuarios, clientes y potenciales clientes, para lo cual ha adoptado medidas [&hellip;]","og_url":"https:\/\/businessgroupcorp.com.co\/en\/politica-de-privacidad-y-manejo-de-datos-personales\/","og_site_name":"Business Group Corp","article_modified_time":"2024-08-28T16:25:53+00:00","twitter_card":"summary_large_image","twitter_misc":{"Est. reading time":"4 minutes"},"schema":{"@context":"https:\/\/schema.org","@graph":[{"@type":"WebPage","@id":"https:\/\/businessgroupcorp.com.co\/politica-de-privacidad-y-manejo-de-datos-personales\/","url":"https:\/\/businessgroupcorp.com.co\/politica-de-privacidad-y-manejo-de-datos-personales\/","name":"Pol\u00edtica de privacidad y manejo de datos personales - Business Group Corp","isPartOf":{"@id":"https:\/\/businessgroupcorp.com.co\/#website"},"datePublished":"2024-08-27T21:28:15+00:00","dateModified":"2024-08-28T16:25:53+00:00","breadcrumb":{"@id":"https:\/\/businessgroupcorp.com.co\/politica-de-privacidad-y-manejo-de-datos-personales\/#breadcrumb"},"inLanguage":"en-US","potentialAction":[{"@type":"ReadAction","target":["https:\/\/businessgroupcorp.com.co\/politica-de-privacidad-y-manejo-de-datos-personales\/"]}]},{"@type":"BreadcrumbList","@id":"https:\/\/businessgroupcorp.com.co\/politica-de-privacidad-y-manejo-de-datos-personales\/#breadcrumb","itemListElement":[{"@type":"ListItem","position":1,"name":"Inicio","item":"https:\/\/businessgroupcorp.com.co\/"},{"@type":"ListItem","position":2,"name":"Pol\u00edtica de privacidad y manejo de datos personales"}]},{"@type":"WebSite","@id":"https:\/\/businessgroupcorp.com.co\/#website","url":"https:\/\/businessgroupcorp.com.co\/","name":"Business Group Corp","description":"","publisher":{"@id":"https:\/\/businessgroupcorp.com.co\/#organization"},"potentialAction":[{"@type":"SearchAction","target":{"@type":"EntryPoint","urlTemplate":"https:\/\/businessgroupcorp.com.co\/?s={search_term_string}"},"query-input":{"@type":"PropertyValueSpecification","valueRequired":true,"valueName":"search_term_string"}}],"inLanguage":"en-US"},{"@type":"Organization","@id":"https:\/\/businessgroupcorp.com.co\/#organization","name":"Business Group Corp","url":"https:\/\/businessgroupcorp.com.co\/","logo":{"@type":"ImageObject","inLanguage":"en-US","@id":"https:\/\/businessgroupcorp.com.co\/#\/schema\/logo\/image\/","url":"https:\/\/businessgroupcorp.com.co\/wp-content\/uploads\/2024\/06\/Logo-BGC-1.png","contentUrl":"https:\/\/businessgroupcorp.com.co\/wp-content\/uploads\/2024\/06\/Logo-BGC-1.png","width":1080,"height":1080,"caption":"Business Group Corp"},"image":{"@id":"https:\/\/businessgroupcorp.com.co\/#\/schema\/logo\/image\/"}}]}},"_links":{"self":[{"href":"https:\/\/businessgroupcorp.com.co\/en\/wp-json\/wp\/v2\/pages\/1879","targetHints":{"allow":["GET"]}}],"collection":[{"href":"https:\/\/businessgroupcorp.com.co\/en\/wp-json\/wp\/v2\/pages"}],"about":[{"href":"https:\/\/businessgroupcorp.com.co\/en\/wp-json\/wp\/v2\/types\/page"}],"author":[{"embeddable":true,"href":"https:\/\/businessgroupcorp.com.co\/en\/wp-json\/wp\/v2\/users\/1"}],"replies":[{"embeddable":true,"href":"https:\/\/businessgroupcorp.com.co\/en\/wp-json\/wp\/v2\/comments?post=1879"}],"version-history":[{"count":0,"href":"https:\/\/businessgroupcorp.com.co\/en\/wp-json\/wp\/v2\/pages\/1879\/revisions"}],"wp:attachment":[{"href":"https:\/\/businessgroupcorp.com.co\/en\/wp-json\/wp\/v2\/media?parent=1879"}],"curies":[{"name":"wp","href":"https:\/\/api.w.org\/{rel}","templated":true}]}}