{"id":1631,"date":"2024-07-11T21:07:08","date_gmt":"2024-07-11T21:07:08","guid":{"rendered":"https:\/\/vivido-ia.com\/BGC\/index.php\/producto\/aji-cayenne\/"},"modified":"2024-09-26T21:03:29","modified_gmt":"2024-09-26T21:03:29","slug":"aji-cayenne","status":"publish","type":"product","link":"https:\/\/businessgroupcorp.com.co\/en\/product\/aji-cayenne\/","title":{"rendered":"Cayenne pepper"},"content":{"rendered":"<p>Discover the authentic Colombian Cayenne pepper grown in the fertile and tropical soils. This pepper, with its vibrant red color and intensely spicy flavor, is ideal for sauces, stews and marinades. Full of capsaicin and vitamin C. It offers antioxidant and anti-inflammatory benefits. Perfect for adding a touch of heat and flavor to your favorite recipes.<\/p>","protected":false},"excerpt":{"rendered":"<p>Discover the authentic Colombian Cayenne pepper grown in the fertile and tropical soils. This pepper, with its vibrant red color and intensely spicy flavor, is ideal for sauces, stews and marinades. Full of capsaicin and vitamin C. It offers antioxidant and anti-inflammatory benefits. Perfect for adding a touch of heat and flavor to your favorite recipes.<\/p>\n<form action=\"https:\/\/vivido-ia.com\/BGC\/index.php\/contacto\/\">\n<p>    <input type=\"submit\" value=\"Request Your Quote Now\" \/><\/p>\n<\/form>","protected":false},"featured_media":1599,"comment_status":"closed","ping_status":"closed","template":"","meta":{"inline_featured_image":false,"ocean_post_layout":"","ocean_both_sidebars_style":"","ocean_both_sidebars_content_width":0,"ocean_both_sidebars_sidebars_width":0,"ocean_sidebar":"","ocean_second_sidebar":"","ocean_disable_margins":"enable","ocean_add_body_class":"","ocean_shortcode_before_top_bar":"","ocean_shortcode_after_top_bar":"","ocean_shortcode_before_header":"","ocean_shortcode_after_header":"","ocean_has_shortcode":"","ocean_shortcode_after_title":"","ocean_shortcode_before_footer_widgets":"","ocean_shortcode_after_footer_widgets":"","ocean_shortcode_before_footer_bottom":"","ocean_shortcode_after_footer_bottom":"","ocean_display_top_bar":"default","ocean_display_header":"default","ocean_header_style":"","ocean_center_header_left_menu":"","ocean_custom_header_template":"","ocean_custom_logo":0,"ocean_custom_retina_logo":0,"ocean_custom_logo_max_width":0,"ocean_custom_logo_tablet_max_width":0,"ocean_custom_logo_mobile_max_width":0,"ocean_custom_logo_max_height":0,"ocean_custom_logo_tablet_max_height":0,"ocean_custom_logo_mobile_max_height":0,"ocean_header_custom_menu":"","ocean_menu_typo_font_family":"","ocean_menu_typo_font_subset":"","ocean_menu_typo_font_size":0,"ocean_menu_typo_font_size_tablet":0,"ocean_menu_typo_font_size_mobile":0,"ocean_menu_typo_font_size_unit":"px","ocean_menu_typo_font_weight":"","ocean_menu_typo_font_weight_tablet":"","ocean_menu_typo_font_weight_mobile":"","ocean_menu_typo_transform":"","ocean_menu_typo_transform_tablet":"","ocean_menu_typo_transform_mobile":"","ocean_menu_typo_line_height":0,"ocean_menu_typo_line_height_tablet":0,"ocean_menu_typo_line_height_mobile":0,"ocean_menu_typo_line_height_unit":"","ocean_menu_typo_spacing":0,"ocean_menu_typo_spacing_tablet":0,"ocean_menu_typo_spacing_mobile":0,"ocean_menu_typo_spacing_unit":"","ocean_menu_link_color":"","ocean_menu_link_color_hover":"","ocean_menu_link_color_active":"","ocean_menu_link_background":"","ocean_menu_link_hover_background":"","ocean_menu_link_active_background":"","ocean_menu_social_links_bg":"","ocean_menu_social_hover_links_bg":"","ocean_menu_social_links_color":"","ocean_menu_social_hover_links_color":"","ocean_disable_title":"default","ocean_disable_heading":"default","ocean_post_title":"","ocean_post_subheading":"","ocean_post_title_style":"","ocean_post_title_background_color":"","ocean_post_title_background":0,"ocean_post_title_bg_image_position":"","ocean_post_title_bg_image_attachment":"","ocean_post_title_bg_image_repeat":"","ocean_post_title_bg_image_size":"","ocean_post_title_height":0,"ocean_post_title_bg_overlay":0.5,"ocean_post_title_bg_overlay_color":"","ocean_disable_breadcrumbs":"default","ocean_breadcrumbs_color":"","ocean_breadcrumbs_separator_color":"","ocean_breadcrumbs_links_color":"","ocean_breadcrumbs_links_hover_color":"","ocean_display_footer_widgets":"default","ocean_display_footer_bottom":"default","ocean_custom_footer_template":""},"product_brand":[],"product_cat":[16],"product_tag":[],"class_list":{"0":"post-1631","1":"product","2":"type-product","3":"status-publish","4":"has-post-thumbnail","6":"product_cat-sin-categorizar","8":"entry","9":"has-media","11":"first","12":"onbackorder","13":"shipping-taxable","14":"product-type-simple","15":"has-product-nav","16":"col","17":"span_1_of_3","18":"owp-content-center","19":"owp-thumbs-layout-horizontal","20":"owp-btn-normal","21":"owp-tabs-layout-horizontal"},"yoast_head":"<!-- This site is optimized with the Yoast SEO plugin v24.6 - https:\/\/yoast.com\/wordpress\/plugins\/seo\/ -->\n<title>Aj\u00ed Cayenne - Business Group Corp<\/title>\n<meta name=\"robots\" content=\"index, follow, max-snippet:-1, max-image-preview:large, max-video-preview:-1\" \/>\n<link rel=\"canonical\" href=\"https:\/\/businessgroupcorp.com.co\/en\/product\/aji-cayenne\/\" \/>\n<meta property=\"og:locale\" content=\"en_US\" \/>\n<meta property=\"og:type\" content=\"article\" \/>\n<meta property=\"og:title\" content=\"Aj\u00ed Cayenne - Business Group Corp\" \/>\n<meta property=\"og:description\" content=\"Descubre el aut\u00e9ntico Aj\u00ed Cayenne colombiano, cultivado en los f\u00e9rtiles suelos andinos y tropicales. Este aj\u00ed, con su color rojo vibrante y sabor intensamente picante, es ideal para salsas, guisos y marinados. Rico en capsaicina y vitamina C, ofrece beneficios antioxidantes y antiinflamatorios. Perfecto para a\u00f1adir un toque de calor y sabor a tus recetas favoritas.\" \/>\n<meta property=\"og:url\" content=\"https:\/\/businessgroupcorp.com.co\/en\/product\/aji-cayenne\/\" \/>\n<meta property=\"og:site_name\" content=\"Business Group Corp\" \/>\n<meta property=\"article:modified_time\" content=\"2024-09-26T21:03:29+00:00\" \/>\n<meta property=\"og:image\" content=\"https:\/\/businessgroupcorp.com.co\/wp-content\/uploads\/2024\/07\/P001.png\" \/>\n\t<meta property=\"og:image:width\" content=\"800\" \/>\n\t<meta property=\"og:image:height\" content=\"800\" \/>\n\t<meta property=\"og:image:type\" content=\"image\/png\" \/>\n<meta name=\"twitter:card\" content=\"summary_large_image\" \/>\n<script type=\"application\/ld+json\" class=\"yoast-schema-graph\">{\"@context\":\"https:\/\/schema.org\",\"@graph\":[{\"@type\":\"WebPage\",\"@id\":\"https:\/\/businessgroupcorp.com.co\/producto\/aji-cayenne\/\",\"url\":\"https:\/\/businessgroupcorp.com.co\/producto\/aji-cayenne\/\",\"name\":\"Aj\u00ed Cayenne - Business Group Corp\",\"isPartOf\":{\"@id\":\"https:\/\/businessgroupcorp.com.co\/#website\"},\"primaryImageOfPage\":{\"@id\":\"https:\/\/businessgroupcorp.com.co\/producto\/aji-cayenne\/#primaryimage\"},\"image\":{\"@id\":\"https:\/\/businessgroupcorp.com.co\/producto\/aji-cayenne\/#primaryimage\"},\"thumbnailUrl\":\"https:\/\/businessgroupcorp.com.co\/wp-content\/uploads\/2024\/07\/P001.png\",\"datePublished\":\"2024-07-11T21:07:08+00:00\",\"dateModified\":\"2024-09-26T21:03:29+00:00\",\"breadcrumb\":{\"@id\":\"https:\/\/businessgroupcorp.com.co\/producto\/aji-cayenne\/#breadcrumb\"},\"inLanguage\":\"en-US\",\"potentialAction\":[{\"@type\":\"ReadAction\",\"target\":[\"https:\/\/businessgroupcorp.com.co\/producto\/aji-cayenne\/\"]}]},{\"@type\":\"ImageObject\",\"inLanguage\":\"en-US\",\"@id\":\"https:\/\/businessgroupcorp.com.co\/producto\/aji-cayenne\/#primaryimage\",\"url\":\"https:\/\/businessgroupcorp.com.co\/wp-content\/uploads\/2024\/07\/P001.png\",\"contentUrl\":\"https:\/\/businessgroupcorp.com.co\/wp-content\/uploads\/2024\/07\/P001.png\",\"width\":800,\"height\":800},{\"@type\":\"BreadcrumbList\",\"@id\":\"https:\/\/businessgroupcorp.com.co\/producto\/aji-cayenne\/#breadcrumb\",\"itemListElement\":[{\"@type\":\"ListItem\",\"position\":1,\"name\":\"Inicio\",\"item\":\"https:\/\/businessgroupcorp.com.co\/\"},{\"@type\":\"ListItem\",\"position\":2,\"name\":\"Tienda\",\"item\":\"https:\/\/businessgroupcorp.com.co\/tienda\/\"},{\"@type\":\"ListItem\",\"position\":3,\"name\":\"Aj\u00ed Cayenne\"}]},{\"@type\":\"WebSite\",\"@id\":\"https:\/\/businessgroupcorp.com.co\/#website\",\"url\":\"https:\/\/businessgroupcorp.com.co\/\",\"name\":\"Business Group Corp\",\"description\":\"\",\"publisher\":{\"@id\":\"https:\/\/businessgroupcorp.com.co\/#organization\"},\"potentialAction\":[{\"@type\":\"SearchAction\",\"target\":{\"@type\":\"EntryPoint\",\"urlTemplate\":\"https:\/\/businessgroupcorp.com.co\/?s={search_term_string}\"},\"query-input\":{\"@type\":\"PropertyValueSpecification\",\"valueRequired\":true,\"valueName\":\"search_term_string\"}}],\"inLanguage\":\"en-US\"},{\"@type\":\"Organization\",\"@id\":\"https:\/\/businessgroupcorp.com.co\/#organization\",\"name\":\"Business Group Corp\",\"url\":\"https:\/\/businessgroupcorp.com.co\/\",\"logo\":{\"@type\":\"ImageObject\",\"inLanguage\":\"en-US\",\"@id\":\"https:\/\/businessgroupcorp.com.co\/#\/schema\/logo\/image\/\",\"url\":\"https:\/\/businessgroupcorp.com.co\/wp-content\/uploads\/2024\/06\/Logo-BGC-1.png\",\"contentUrl\":\"https:\/\/businessgroupcorp.com.co\/wp-content\/uploads\/2024\/06\/Logo-BGC-1.png\",\"width\":1080,\"height\":1080,\"caption\":\"Business Group Corp\"},\"image\":{\"@id\":\"https:\/\/businessgroupcorp.com.co\/#\/schema\/logo\/image\/\"}}]}<\/script>\n<!-- \/ Yoast SEO plugin. -->","yoast_head_json":{"title":"Aj\u00ed Cayenne - Business Group Corp","robots":{"index":"index","follow":"follow","max-snippet":"max-snippet:-1","max-image-preview":"max-image-preview:large","max-video-preview":"max-video-preview:-1"},"canonical":"https:\/\/businessgroupcorp.com.co\/en\/product\/aji-cayenne\/","og_locale":"en_US","og_type":"article","og_title":"Aj\u00ed Cayenne - Business Group Corp","og_description":"Descubre el aut\u00e9ntico Aj\u00ed Cayenne colombiano, cultivado en los f\u00e9rtiles suelos andinos y tropicales. Este aj\u00ed, con su color rojo vibrante y sabor intensamente picante, es ideal para salsas, guisos y marinados. Rico en capsaicina y vitamina C, ofrece beneficios antioxidantes y antiinflamatorios. Perfecto para a\u00f1adir un toque de calor y sabor a tus recetas favoritas.","og_url":"https:\/\/businessgroupcorp.com.co\/en\/product\/aji-cayenne\/","og_site_name":"Business Group Corp","article_modified_time":"2024-09-26T21:03:29+00:00","og_image":[{"width":800,"height":800,"url":"https:\/\/businessgroupcorp.com.co\/wp-content\/uploads\/2024\/07\/P001.png","type":"image\/png"}],"twitter_card":"summary_large_image","schema":{"@context":"https:\/\/schema.org","@graph":[{"@type":"WebPage","@id":"https:\/\/businessgroupcorp.com.co\/producto\/aji-cayenne\/","url":"https:\/\/businessgroupcorp.com.co\/producto\/aji-cayenne\/","name":"Aj\u00ed Cayenne - Business Group Corp","isPartOf":{"@id":"https:\/\/businessgroupcorp.com.co\/#website"},"primaryImageOfPage":{"@id":"https:\/\/businessgroupcorp.com.co\/producto\/aji-cayenne\/#primaryimage"},"image":{"@id":"https:\/\/businessgroupcorp.com.co\/producto\/aji-cayenne\/#primaryimage"},"thumbnailUrl":"https:\/\/businessgroupcorp.com.co\/wp-content\/uploads\/2024\/07\/P001.png","datePublished":"2024-07-11T21:07:08+00:00","dateModified":"2024-09-26T21:03:29+00:00","breadcrumb":{"@id":"https:\/\/businessgroupcorp.com.co\/producto\/aji-cayenne\/#breadcrumb"},"inLanguage":"en-US","potentialAction":[{"@type":"ReadAction","target":["https:\/\/businessgroupcorp.com.co\/producto\/aji-cayenne\/"]}]},{"@type":"ImageObject","inLanguage":"en-US","@id":"https:\/\/businessgroupcorp.com.co\/producto\/aji-cayenne\/#primaryimage","url":"https:\/\/businessgroupcorp.com.co\/wp-content\/uploads\/2024\/07\/P001.png","contentUrl":"https:\/\/businessgroupcorp.com.co\/wp-content\/uploads\/2024\/07\/P001.png","width":800,"height":800},{"@type":"BreadcrumbList","@id":"https:\/\/businessgroupcorp.com.co\/producto\/aji-cayenne\/#breadcrumb","itemListElement":[{"@type":"ListItem","position":1,"name":"Inicio","item":"https:\/\/businessgroupcorp.com.co\/"},{"@type":"ListItem","position":2,"name":"Tienda","item":"https:\/\/businessgroupcorp.com.co\/tienda\/"},{"@type":"ListItem","position":3,"name":"Aj\u00ed Cayenne"}]},{"@type":"WebSite","@id":"https:\/\/businessgroupcorp.com.co\/#website","url":"https:\/\/businessgroupcorp.com.co\/","name":"Business Group Corp","description":"","publisher":{"@id":"https:\/\/businessgroupcorp.com.co\/#organization"},"potentialAction":[{"@type":"SearchAction","target":{"@type":"EntryPoint","urlTemplate":"https:\/\/businessgroupcorp.com.co\/?s={search_term_string}"},"query-input":{"@type":"PropertyValueSpecification","valueRequired":true,"valueName":"search_term_string"}}],"inLanguage":"en-US"},{"@type":"Organization","@id":"https:\/\/businessgroupcorp.com.co\/#organization","name":"Business Group Corp","url":"https:\/\/businessgroupcorp.com.co\/","logo":{"@type":"ImageObject","inLanguage":"en-US","@id":"https:\/\/businessgroupcorp.com.co\/#\/schema\/logo\/image\/","url":"https:\/\/businessgroupcorp.com.co\/wp-content\/uploads\/2024\/06\/Logo-BGC-1.png","contentUrl":"https:\/\/businessgroupcorp.com.co\/wp-content\/uploads\/2024\/06\/Logo-BGC-1.png","width":1080,"height":1080,"caption":"Business Group Corp"},"image":{"@id":"https:\/\/businessgroupcorp.com.co\/#\/schema\/logo\/image\/"}}]}},"_links":{"self":[{"href":"https:\/\/businessgroupcorp.com.co\/en\/wp-json\/wp\/v2\/product\/1631","targetHints":{"allow":["GET"]}}],"collection":[{"href":"https:\/\/businessgroupcorp.com.co\/en\/wp-json\/wp\/v2\/product"}],"about":[{"href":"https:\/\/businessgroupcorp.com.co\/en\/wp-json\/wp\/v2\/types\/product"}],"replies":[{"embeddable":true,"href":"https:\/\/businessgroupcorp.com.co\/en\/wp-json\/wp\/v2\/comments?post=1631"}],"wp:featuredmedia":[{"embeddable":true,"href":"https:\/\/businessgroupcorp.com.co\/en\/wp-json\/wp\/v2\/media\/1599"}],"wp:attachment":[{"href":"https:\/\/businessgroupcorp.com.co\/en\/wp-json\/wp\/v2\/media?parent=1631"}],"wp:term":[{"taxonomy":"product_brand","embeddable":true,"href":"https:\/\/businessgroupcorp.com.co\/en\/wp-json\/wp\/v2\/product_brand?post=1631"},{"taxonomy":"product_cat","embeddable":true,"href":"https:\/\/businessgroupcorp.com.co\/en\/wp-json\/wp\/v2\/product_cat?post=1631"},{"taxonomy":"product_tag","embeddable":true,"href":"https:\/\/businessgroupcorp.com.co\/en\/wp-json\/wp\/v2\/product_tag?post=1631"}],"curies":[{"name":"wp","href":"https:\/\/api.w.org\/{rel}","templated":true}]}}