{"id":1635,"date":"2024-07-11T21:07:09","date_gmt":"2024-07-11T21:07:09","guid":{"rendered":"https:\/\/vivido-ia.com\/BGC\/index.php\/producto\/pimenton\/"},"modified":"2024-09-26T21:03:29","modified_gmt":"2024-09-26T21:03:29","slug":"pimenton","status":"publish","type":"product","link":"https:\/\/businessgroupcorp.com.co\/en\/product\/pimenton\/","title":{"rendered":"Peppers"},"content":{"rendered":"<p>Descubre el sabor y la frescura del piment\u00f3n, cultivado en tierras f\u00e9rtiles. Con su color vibrante y su sabor dulce y crujiente, es perfecto para ensaladas, salsas, y guisos. Rico en vitaminas A y C, el piment\u00f3n es una opci\u00f3n nutritiva para enriquecer tus platos.<\/p>","protected":false},"excerpt":{"rendered":"<p>Discover the flavor and freshness of pepper grown in fertile lands. Its vibrant color and sweet crunchy flavor make it the perfect ingredient for salads, sauces, and stews. Full of vitamins A and C, pepper is a nutritious option to enrich your dishes<\/p>\n<p>In its most common form, the sweet pepper is crisp and juicy, with a mild, slightly sweet flavor. It is used in a wide variety of dishes, from salads to stews, and can also be roasted, stuffed, or cooked in a variety of ways. Their versatility in cooking and their nutritional contribution make them a popular ingredient in many cultures around the world.<\/p>\n<form action=\"https:\/\/vivido-ia.com\/BGC\/index.php\/contacto\/\">\n<p>    <input type=\"submit\" value=\"Request Your Quote Now\" \/><\/p>\n<\/form>","protected":false},"featured_media":1619,"comment_status":"closed","ping_status":"closed","template":"","meta":{"inline_featured_image":false,"ocean_post_layout":"","ocean_both_sidebars_style":"","ocean_both_sidebars_content_width":0,"ocean_both_sidebars_sidebars_width":0,"ocean_sidebar":"0","ocean_second_sidebar":"0","ocean_disable_margins":"enable","ocean_add_body_class":"","ocean_shortcode_before_top_bar":"","ocean_shortcode_after_top_bar":"","ocean_shortcode_before_header":"","ocean_shortcode_after_header":"","ocean_has_shortcode":"","ocean_shortcode_after_title":"","ocean_shortcode_before_footer_widgets":"","ocean_shortcode_after_footer_widgets":"","ocean_shortcode_before_footer_bottom":"","ocean_shortcode_after_footer_bottom":"","ocean_display_top_bar":"default","ocean_display_header":"default","ocean_header_style":"","ocean_center_header_left_menu":"0","ocean_custom_header_template":"0","ocean_custom_logo":0,"ocean_custom_retina_logo":0,"ocean_custom_logo_max_width":0,"ocean_custom_logo_tablet_max_width":0,"ocean_custom_logo_mobile_max_width":0,"ocean_custom_logo_max_height":0,"ocean_custom_logo_tablet_max_height":0,"ocean_custom_logo_mobile_max_height":0,"ocean_header_custom_menu":"0","ocean_menu_typo_font_family":"0","ocean_menu_typo_font_subset":"","ocean_menu_typo_font_size":0,"ocean_menu_typo_font_size_tablet":0,"ocean_menu_typo_font_size_mobile":0,"ocean_menu_typo_font_size_unit":"px","ocean_menu_typo_font_weight":"","ocean_menu_typo_font_weight_tablet":"","ocean_menu_typo_font_weight_mobile":"","ocean_menu_typo_transform":"","ocean_menu_typo_transform_tablet":"","ocean_menu_typo_transform_mobile":"","ocean_menu_typo_line_height":0,"ocean_menu_typo_line_height_tablet":0,"ocean_menu_typo_line_height_mobile":0,"ocean_menu_typo_line_height_unit":"","ocean_menu_typo_spacing":0,"ocean_menu_typo_spacing_tablet":0,"ocean_menu_typo_spacing_mobile":0,"ocean_menu_typo_spacing_unit":"","ocean_menu_link_color":"","ocean_menu_link_color_hover":"","ocean_menu_link_color_active":"","ocean_menu_link_background":"","ocean_menu_link_hover_background":"","ocean_menu_link_active_background":"","ocean_menu_social_links_bg":"","ocean_menu_social_hover_links_bg":"","ocean_menu_social_links_color":"","ocean_menu_social_hover_links_color":"","ocean_disable_title":"default","ocean_disable_heading":"default","ocean_post_title":"","ocean_post_subheading":"","ocean_post_title_style":"","ocean_post_title_background_color":"","ocean_post_title_background":0,"ocean_post_title_bg_image_position":"","ocean_post_title_bg_image_attachment":"","ocean_post_title_bg_image_repeat":"","ocean_post_title_bg_image_size":"","ocean_post_title_height":0,"ocean_post_title_bg_overlay":0.5,"ocean_post_title_bg_overlay_color":"","ocean_disable_breadcrumbs":"default","ocean_breadcrumbs_color":"","ocean_breadcrumbs_separator_color":"","ocean_breadcrumbs_links_color":"","ocean_breadcrumbs_links_hover_color":"","ocean_display_footer_widgets":"default","ocean_display_footer_bottom":"default","ocean_custom_footer_template":"0"},"product_brand":[],"product_cat":[16],"product_tag":[],"class_list":{"0":"post-1635","1":"product","2":"type-product","3":"status-publish","4":"has-post-thumbnail","6":"product_cat-sin-categorizar","8":"entry","9":"has-media","11":"first","12":"onbackorder","13":"shipping-taxable","14":"product-type-simple","15":"has-product-nav","16":"col","17":"span_1_of_3","18":"owp-content-center","19":"owp-thumbs-layout-horizontal","20":"owp-btn-normal","21":"owp-tabs-layout-horizontal"},"yoast_head":"<!-- This site is optimized with the Yoast SEO plugin v24.6 - https:\/\/yoast.com\/wordpress\/plugins\/seo\/ -->\n<title>Pimenton - Business Group Corp<\/title>\n<meta name=\"robots\" content=\"index, follow, max-snippet:-1, max-image-preview:large, max-video-preview:-1\" \/>\n<link rel=\"canonical\" href=\"https:\/\/businessgroupcorp.com.co\/en\/product\/pimenton\/\" \/>\n<meta property=\"og:locale\" content=\"en_US\" \/>\n<meta property=\"og:type\" content=\"article\" \/>\n<meta property=\"og:title\" content=\"Pimenton - Business Group Corp\" \/>\n<meta property=\"og:description\" content=\"Descubre el sabor y la frescura del piment\u00f3n, cultivado en tierras f\u00e9rtiles. Con su color vibrante y su sabor dulce y crujiente, es perfecto para ensaladas, salsas, y guisos. Rico en vitaminas A y C, el piment\u00f3n es una opci\u00f3n nutritiva para enriquecer tus platos. Es un tipo de fruta que pertenece a la familia de las solan\u00e1ceas, espec\u00edficamente al g\u00e9nero Capsicum. Existen diversas variedades, que se diferencian por su color, tama\u00f1o, sabor y nivel de picante. Los pimientos pueden ser dulces o picantes, y presentan una amplia gama de colores, como verde, rojo, amarillo, naranja y morado. En su forma m\u00e1s com\u00fan, el pimiento dulce es crujiente y jugoso, con un sabor suave y ligeramente dulce. Se utiliza en una gran variedad de platos, desde ensaladas hasta guisos, y tambi\u00e9n se puede asar, rellenar o cocinar de diversas formas. Su versatilidad en la cocina y su aporte nutricional los convierten en un ingrediente popular en muchas culturas alrededor del mundo.\" \/>\n<meta property=\"og:url\" content=\"https:\/\/businessgroupcorp.com.co\/en\/product\/pimenton\/\" \/>\n<meta property=\"og:site_name\" content=\"Business Group Corp\" \/>\n<meta property=\"article:modified_time\" content=\"2024-09-26T21:03:29+00:00\" \/>\n<meta property=\"og:image\" content=\"https:\/\/businessgroupcorp.com.co\/wp-content\/uploads\/2024\/07\/P005.png\" \/>\n\t<meta property=\"og:image:width\" content=\"800\" \/>\n\t<meta property=\"og:image:height\" content=\"800\" \/>\n\t<meta property=\"og:image:type\" content=\"image\/png\" \/>\n<meta name=\"twitter:card\" content=\"summary_large_image\" \/>\n<script type=\"application\/ld+json\" class=\"yoast-schema-graph\">{\"@context\":\"https:\/\/schema.org\",\"@graph\":[{\"@type\":\"WebPage\",\"@id\":\"https:\/\/businessgroupcorp.com.co\/producto\/pimenton\/\",\"url\":\"https:\/\/businessgroupcorp.com.co\/producto\/pimenton\/\",\"name\":\"Pimenton - Business Group Corp\",\"isPartOf\":{\"@id\":\"https:\/\/businessgroupcorp.com.co\/#website\"},\"primaryImageOfPage\":{\"@id\":\"https:\/\/businessgroupcorp.com.co\/producto\/pimenton\/#primaryimage\"},\"image\":{\"@id\":\"https:\/\/businessgroupcorp.com.co\/producto\/pimenton\/#primaryimage\"},\"thumbnailUrl\":\"https:\/\/businessgroupcorp.com.co\/wp-content\/uploads\/2024\/07\/P005.png\",\"datePublished\":\"2024-07-11T21:07:09+00:00\",\"dateModified\":\"2024-09-26T21:03:29+00:00\",\"breadcrumb\":{\"@id\":\"https:\/\/businessgroupcorp.com.co\/producto\/pimenton\/#breadcrumb\"},\"inLanguage\":\"en-US\",\"potentialAction\":[{\"@type\":\"ReadAction\",\"target\":[\"https:\/\/businessgroupcorp.com.co\/producto\/pimenton\/\"]}]},{\"@type\":\"ImageObject\",\"inLanguage\":\"en-US\",\"@id\":\"https:\/\/businessgroupcorp.com.co\/producto\/pimenton\/#primaryimage\",\"url\":\"https:\/\/businessgroupcorp.com.co\/wp-content\/uploads\/2024\/07\/P005.png\",\"contentUrl\":\"https:\/\/businessgroupcorp.com.co\/wp-content\/uploads\/2024\/07\/P005.png\",\"width\":800,\"height\":800},{\"@type\":\"BreadcrumbList\",\"@id\":\"https:\/\/businessgroupcorp.com.co\/producto\/pimenton\/#breadcrumb\",\"itemListElement\":[{\"@type\":\"ListItem\",\"position\":1,\"name\":\"Inicio\",\"item\":\"https:\/\/businessgroupcorp.com.co\/\"},{\"@type\":\"ListItem\",\"position\":2,\"name\":\"Tienda\",\"item\":\"https:\/\/businessgroupcorp.com.co\/tienda\/\"},{\"@type\":\"ListItem\",\"position\":3,\"name\":\"Pimenton\"}]},{\"@type\":\"WebSite\",\"@id\":\"https:\/\/businessgroupcorp.com.co\/#website\",\"url\":\"https:\/\/businessgroupcorp.com.co\/\",\"name\":\"Business Group Corp\",\"description\":\"\",\"publisher\":{\"@id\":\"https:\/\/businessgroupcorp.com.co\/#organization\"},\"potentialAction\":[{\"@type\":\"SearchAction\",\"target\":{\"@type\":\"EntryPoint\",\"urlTemplate\":\"https:\/\/businessgroupcorp.com.co\/?s={search_term_string}\"},\"query-input\":{\"@type\":\"PropertyValueSpecification\",\"valueRequired\":true,\"valueName\":\"search_term_string\"}}],\"inLanguage\":\"en-US\"},{\"@type\":\"Organization\",\"@id\":\"https:\/\/businessgroupcorp.com.co\/#organization\",\"name\":\"Business Group Corp\",\"url\":\"https:\/\/businessgroupcorp.com.co\/\",\"logo\":{\"@type\":\"ImageObject\",\"inLanguage\":\"en-US\",\"@id\":\"https:\/\/businessgroupcorp.com.co\/#\/schema\/logo\/image\/\",\"url\":\"https:\/\/businessgroupcorp.com.co\/wp-content\/uploads\/2024\/06\/Logo-BGC-1.png\",\"contentUrl\":\"https:\/\/businessgroupcorp.com.co\/wp-content\/uploads\/2024\/06\/Logo-BGC-1.png\",\"width\":1080,\"height\":1080,\"caption\":\"Business Group Corp\"},\"image\":{\"@id\":\"https:\/\/businessgroupcorp.com.co\/#\/schema\/logo\/image\/\"}}]}<\/script>\n<!-- \/ Yoast SEO plugin. -->","yoast_head_json":{"title":"Pimenton - Business Group Corp","robots":{"index":"index","follow":"follow","max-snippet":"max-snippet:-1","max-image-preview":"max-image-preview:large","max-video-preview":"max-video-preview:-1"},"canonical":"https:\/\/businessgroupcorp.com.co\/en\/product\/pimenton\/","og_locale":"en_US","og_type":"article","og_title":"Pimenton - Business Group Corp","og_description":"Descubre el sabor y la frescura del piment\u00f3n, cultivado en tierras f\u00e9rtiles. Con su color vibrante y su sabor dulce y crujiente, es perfecto para ensaladas, salsas, y guisos. Rico en vitaminas A y C, el piment\u00f3n es una opci\u00f3n nutritiva para enriquecer tus platos. Es un tipo de fruta que pertenece a la familia de las solan\u00e1ceas, espec\u00edficamente al g\u00e9nero Capsicum. Existen diversas variedades, que se diferencian por su color, tama\u00f1o, sabor y nivel de picante. Los pimientos pueden ser dulces o picantes, y presentan una amplia gama de colores, como verde, rojo, amarillo, naranja y morado. En su forma m\u00e1s com\u00fan, el pimiento dulce es crujiente y jugoso, con un sabor suave y ligeramente dulce. Se utiliza en una gran variedad de platos, desde ensaladas hasta guisos, y tambi\u00e9n se puede asar, rellenar o cocinar de diversas formas. Su versatilidad en la cocina y su aporte nutricional los convierten en un ingrediente popular en muchas culturas alrededor del mundo.","og_url":"https:\/\/businessgroupcorp.com.co\/en\/product\/pimenton\/","og_site_name":"Business Group Corp","article_modified_time":"2024-09-26T21:03:29+00:00","og_image":[{"width":800,"height":800,"url":"https:\/\/businessgroupcorp.com.co\/wp-content\/uploads\/2024\/07\/P005.png","type":"image\/png"}],"twitter_card":"summary_large_image","schema":{"@context":"https:\/\/schema.org","@graph":[{"@type":"WebPage","@id":"https:\/\/businessgroupcorp.com.co\/producto\/pimenton\/","url":"https:\/\/businessgroupcorp.com.co\/producto\/pimenton\/","name":"Pimenton - Business Group Corp","isPartOf":{"@id":"https:\/\/businessgroupcorp.com.co\/#website"},"primaryImageOfPage":{"@id":"https:\/\/businessgroupcorp.com.co\/producto\/pimenton\/#primaryimage"},"image":{"@id":"https:\/\/businessgroupcorp.com.co\/producto\/pimenton\/#primaryimage"},"thumbnailUrl":"https:\/\/businessgroupcorp.com.co\/wp-content\/uploads\/2024\/07\/P005.png","datePublished":"2024-07-11T21:07:09+00:00","dateModified":"2024-09-26T21:03:29+00:00","breadcrumb":{"@id":"https:\/\/businessgroupcorp.com.co\/producto\/pimenton\/#breadcrumb"},"inLanguage":"en-US","potentialAction":[{"@type":"ReadAction","target":["https:\/\/businessgroupcorp.com.co\/producto\/pimenton\/"]}]},{"@type":"ImageObject","inLanguage":"en-US","@id":"https:\/\/businessgroupcorp.com.co\/producto\/pimenton\/#primaryimage","url":"https:\/\/businessgroupcorp.com.co\/wp-content\/uploads\/2024\/07\/P005.png","contentUrl":"https:\/\/businessgroupcorp.com.co\/wp-content\/uploads\/2024\/07\/P005.png","width":800,"height":800},{"@type":"BreadcrumbList","@id":"https:\/\/businessgroupcorp.com.co\/producto\/pimenton\/#breadcrumb","itemListElement":[{"@type":"ListItem","position":1,"name":"Inicio","item":"https:\/\/businessgroupcorp.com.co\/"},{"@type":"ListItem","position":2,"name":"Tienda","item":"https:\/\/businessgroupcorp.com.co\/tienda\/"},{"@type":"ListItem","position":3,"name":"Pimenton"}]},{"@type":"WebSite","@id":"https:\/\/businessgroupcorp.com.co\/#website","url":"https:\/\/businessgroupcorp.com.co\/","name":"Business Group Corp","description":"","publisher":{"@id":"https:\/\/businessgroupcorp.com.co\/#organization"},"potentialAction":[{"@type":"SearchAction","target":{"@type":"EntryPoint","urlTemplate":"https:\/\/businessgroupcorp.com.co\/?s={search_term_string}"},"query-input":{"@type":"PropertyValueSpecification","valueRequired":true,"valueName":"search_term_string"}}],"inLanguage":"en-US"},{"@type":"Organization","@id":"https:\/\/businessgroupcorp.com.co\/#organization","name":"Business Group Corp","url":"https:\/\/businessgroupcorp.com.co\/","logo":{"@type":"ImageObject","inLanguage":"en-US","@id":"https:\/\/businessgroupcorp.com.co\/#\/schema\/logo\/image\/","url":"https:\/\/businessgroupcorp.com.co\/wp-content\/uploads\/2024\/06\/Logo-BGC-1.png","contentUrl":"https:\/\/businessgroupcorp.com.co\/wp-content\/uploads\/2024\/06\/Logo-BGC-1.png","width":1080,"height":1080,"caption":"Business Group Corp"},"image":{"@id":"https:\/\/businessgroupcorp.com.co\/#\/schema\/logo\/image\/"}}]}},"_links":{"self":[{"href":"https:\/\/businessgroupcorp.com.co\/en\/wp-json\/wp\/v2\/product\/1635","targetHints":{"allow":["GET"]}}],"collection":[{"href":"https:\/\/businessgroupcorp.com.co\/en\/wp-json\/wp\/v2\/product"}],"about":[{"href":"https:\/\/businessgroupcorp.com.co\/en\/wp-json\/wp\/v2\/types\/product"}],"replies":[{"embeddable":true,"href":"https:\/\/businessgroupcorp.com.co\/en\/wp-json\/wp\/v2\/comments?post=1635"}],"wp:featuredmedia":[{"embeddable":true,"href":"https:\/\/businessgroupcorp.com.co\/en\/wp-json\/wp\/v2\/media\/1619"}],"wp:attachment":[{"href":"https:\/\/businessgroupcorp.com.co\/en\/wp-json\/wp\/v2\/media?parent=1635"}],"wp:term":[{"taxonomy":"product_brand","embeddable":true,"href":"https:\/\/businessgroupcorp.com.co\/en\/wp-json\/wp\/v2\/product_brand?post=1635"},{"taxonomy":"product_cat","embeddable":true,"href":"https:\/\/businessgroupcorp.com.co\/en\/wp-json\/wp\/v2\/product_cat?post=1635"},{"taxonomy":"product_tag","embeddable":true,"href":"https:\/\/businessgroupcorp.com.co\/en\/wp-json\/wp\/v2\/product_tag?post=1635"}],"curies":[{"name":"wp","href":"https:\/\/api.w.org\/{rel}","templated":true}]}}